{"id":16,"date":"2026-02-09T11:21:10","date_gmt":"2026-02-09T11:21:10","guid":{"rendered":"https:\/\/collectifwow.com\/?page_id=16"},"modified":"2026-02-10T18:22:29","modified_gmt":"2026-02-10T18:22:29","slug":"le-collectif","status":"publish","type":"page","link":"https:\/\/collectifwow.com\/index.php\/le-collectif\/","title":{"rendered":"Le collectif"},"content":{"rendered":"<p><div class=\"fusion-fullwidth fullwidth-box fusion-builder-row-1 fusion-flex-container has-pattern-background has-mask-background hundred-percent-fullwidth non-hundred-percent-height-scrolling\" style=\"--awb-border-radius-top-left:0px;--awb-border-radius-top-right:0px;--awb-border-radius-bottom-right:0px;--awb-border-radius-bottom-left:0px;--awb-margin-top:-35px;--awb-margin-bottom:20px;--awb-flex-wrap:wrap;\" ><div class=\"fusion-builder-row fusion-row fusion-flex-align-items-center fusion-flex-content-wrap\" style=\"width:104% !important;max-width:104% !important;margin-left: calc(-4% \/ 2 );margin-right: calc(-4% \/ 2 );\"><div class=\"fusion-layout-column fusion_builder_column fusion-builder-column-0 fusion_builder_column_1_2 1_2 fusion-flex-column\" style=\"--awb-padding-left:8%;--awb-bg-size:cover;--awb-width-large:50%;--awb-margin-top-large:0px;--awb-spacing-right-large:3.84%;--awb-margin-bottom-large:20px;--awb-spacing-left-large:3.84%;--awb-width-medium:50%;--awb-order-medium:0;--awb-spacing-right-medium:3.84%;--awb-spacing-left-medium:3.84%;--awb-width-small:100%;--awb-order-small:0;--awb-spacing-right-small:1.92%;--awb-spacing-left-small:1.92%;\" data-scroll-devices=\"small-visibility,medium-visibility,large-visibility\"><div class=\"fusion-column-wrapper fusion-column-has-shadow fusion-flex-justify-content-flex-start fusion-content-layout-column\"><div class=\"fusion-title title fusion-title-1 fusion-sep-none fusion-title-center fusion-title-text fusion-title-size-two\" style=\"--awb-text-color:var(--awb-color2);--awb-margin-bottom:30px;\"><h2 class=\"fusion-title-heading title-heading-center\" style=\"margin:0;text-transform:uppercase;\"><strong>Le collectif wow<\/strong><\/h2><\/div><div class=\"fusion-text fusion-text-1\"><p><span style=\"font-weight: 400;\">WOW est un collectif de m\u00e9diation culturelle ind\u00e9pendante qui regroupe des m\u00e9diateurs\u00b7trices de tous les domaines culturels (spectacle vivant, mus\u00e9e et patrimoine, cin\u00e9ma et audiovisuel, litt\u00e9rature jeunesse, musique, sciences). Il a vu le jour en 2021, sous l\u2019impulsion des m\u00e9diatrices C\u00e9cile Bonneau, Pauline Lacaze, Emilie Lebel et Anne-Sophie Marchal.<\/span><\/p>\n<p><span style=\"font-weight: 400;\">Le collectif est un espace d\u2019\u00e9change et de ressources pour les professionnel.le.s ind\u00e9pendant.e.s de la m\u00e9diation culturelle. C\u2019est aussi un espace de collaboration, de coop\u00e9ration et d\u2019entraide entre les membres.<\/span><\/p>\n<\/div><\/div><\/div><div class=\"fusion-layout-column fusion_builder_column fusion-builder-column-1 fusion_builder_column_1_2 1_2 fusion-flex-column\" style=\"--awb-bg-size:cover;--awb-width-large:50%;--awb-margin-top-large:0px;--awb-spacing-right-large:3.84%;--awb-margin-bottom-large:20px;--awb-spacing-left-large:3.84%;--awb-width-medium:50%;--awb-order-medium:0;--awb-spacing-right-medium:3.84%;--awb-spacing-left-medium:3.84%;--awb-width-small:100%;--awb-order-small:0;--awb-spacing-right-small:1.92%;--awb-spacing-left-small:1.92%;\" data-scroll-devices=\"small-visibility,medium-visibility,large-visibility\"><div class=\"fusion-column-wrapper fusion-column-has-shadow fusion-flex-justify-content-flex-start fusion-content-layout-column\"><div class=\"fusion-image-element awb-imageframe-style awb-imageframe-style-below awb-imageframe-style-1\" style=\"--awb-caption-title-font-family:var(--body_typography-font-family);--awb-caption-title-font-weight:var(--body_typography-font-weight);--awb-caption-title-font-style:var(--body_typography-font-style);--awb-caption-title-size:11px;--awb-caption-title-transform:var(--body_typography-text-transform);--awb-caption-title-line-height:var(--body_typography-line-height);--awb-caption-title-letter-spacing:var(--body_typography-letter-spacing);\"><span class=\" fusion-imageframe imageframe-none imageframe-1 hover-type-none\"><img decoding=\"async\" width=\"1054\" height=\"844\" alt=\"ateliers collectif\" title=\"ateliers collectif\" src=\"https:\/\/collectifwow.com\/wp-content\/uploads\/2026\/02\/ateliers.png\" class=\"img-responsive wp-image-82\" srcset=\"https:\/\/collectifwow.com\/wp-content\/uploads\/2026\/02\/ateliers-200x160.png 200w, https:\/\/collectifwow.com\/wp-content\/uploads\/2026\/02\/ateliers-400x320.png 400w, https:\/\/collectifwow.com\/wp-content\/uploads\/2026\/02\/ateliers-600x480.png 600w, https:\/\/collectifwow.com\/wp-content\/uploads\/2026\/02\/ateliers-800x641.png 800w, https:\/\/collectifwow.com\/wp-content\/uploads\/2026\/02\/ateliers.png 1054w\" sizes=\"(max-width: 640px) 100vw, 600px\" \/><\/span><div class=\"awb-imageframe-caption-container\" style=\"text-align:right;\"><div class=\"awb-imageframe-caption\"><div class=\"awb-imageframe-caption-title\">\u00a9 Jannice Guilloux<\/div><\/div><\/div><\/div><\/div><\/div><\/div><\/div><div class=\"fusion-fullwidth fullwidth-box fusion-builder-row-2 fusion-flex-container has-pattern-background has-mask-background hundred-percent-fullwidth non-hundred-percent-height-scrolling\" style=\"--awb-border-radius-top-left:0px;--awb-border-radius-top-right:0px;--awb-border-radius-bottom-right:0px;--awb-border-radius-bottom-left:0px;--awb-padding-top:50px;--awb-padding-right:10%;--awb-padding-bottom:40px;--awb-padding-left:10%;--awb-background-color:var(--awb-color2);--awb-flex-wrap:wrap;\" ><div class=\"fusion-builder-row fusion-row fusion-flex-align-items-flex-start fusion-flex-justify-content-center fusion-flex-content-wrap\" style=\"width:104% !important;max-width:104% !important;margin-left: calc(-4% \/ 2 );margin-right: calc(-4% \/ 2 );\"><div class=\"fusion-layout-column fusion_builder_column fusion-builder-column-2 fusion_builder_column_1_1 1_1 fusion-flex-column\" style=\"--awb-bg-size:cover;--awb-width-large:100%;--awb-margin-top-large:0px;--awb-spacing-right-large:1.92%;--awb-margin-bottom-large:20px;--awb-spacing-left-large:1.92%;--awb-width-medium:100%;--awb-order-medium:0;--awb-spacing-right-medium:1.92%;--awb-spacing-left-medium:1.92%;--awb-width-small:100%;--awb-order-small:0;--awb-spacing-right-small:1.92%;--awb-spacing-left-small:1.92%;\"><div class=\"fusion-column-wrapper fusion-column-has-shadow fusion-flex-justify-content-flex-start fusion-content-layout-column\"><div class=\"fusion-title title fusion-title-2 fusion-sep-none fusion-title-center fusion-title-text fusion-title-size-three\" style=\"--awb-text-color:var(--awb-color7);\"><h3 class=\"fusion-title-heading title-heading-center\" style=\"margin:0;\">Les missions du collectif<\/h3><\/div><div class=\"fusion-separator fusion-full-width-sep\" style=\"align-self: center;margin-left: auto;margin-right: auto;margin-top:15px;width:100%;\"><\/div><\/div><\/div><div class=\"fusion-layout-column fusion_builder_column fusion-builder-column-3 fusion_builder_column_1_2 1_2 fusion-flex-column\" style=\"--awb-bg-size:cover;--awb-width-large:50%;--awb-margin-top-large:0px;--awb-spacing-right-large:3.84%;--awb-margin-bottom-large:20px;--awb-spacing-left-large:3.84%;--awb-width-medium:50%;--awb-order-medium:0;--awb-spacing-right-medium:3.84%;--awb-spacing-left-medium:3.84%;--awb-width-small:100%;--awb-order-small:0;--awb-spacing-right-small:1.92%;--awb-spacing-left-small:1.92%;\"><div class=\"fusion-column-wrapper fusion-column-has-shadow fusion-flex-justify-content-flex-start fusion-content-layout-column\"><div class=\"fusion-image-element \" style=\"text-align:center;--awb-margin-bottom:10px;--awb-max-width:180px;--awb-caption-title-font-family:var(--h2_typography-font-family);--awb-caption-title-font-weight:var(--h2_typography-font-weight);--awb-caption-title-font-style:var(--h2_typography-font-style);--awb-caption-title-size:var(--h2_typography-font-size);--awb-caption-title-transform:var(--h2_typography-text-transform);--awb-caption-title-line-height:var(--h2_typography-line-height);--awb-caption-title-letter-spacing:var(--h2_typography-letter-spacing);\"><span class=\" fusion-imageframe imageframe-none imageframe-2 hover-type-none\"><img decoding=\"async\" width=\"600\" height=\"402\" title=\"forme1\" src=\"https:\/\/collectifwow.com\/wp-content\/uploads\/2026\/02\/forme1.png\" alt class=\"img-responsive wp-image-56\" srcset=\"https:\/\/collectifwow.com\/wp-content\/uploads\/2026\/02\/forme1-200x134.png 200w, https:\/\/collectifwow.com\/wp-content\/uploads\/2026\/02\/forme1-400x268.png 400w, https:\/\/collectifwow.com\/wp-content\/uploads\/2026\/02\/forme1.png 600w\" sizes=\"(max-width: 640px) 100vw, 600px\" \/><\/span><\/div><div class=\"fusion-title title fusion-title-3 fusion-sep-none fusion-title-center fusion-title-text fusion-title-size-four\" style=\"--awb-text-color:var(--awb-color7);\"><h4 class=\"fusion-title-heading title-heading-center\" style=\"margin:0;text-transform:uppercase;\">Identifier &#8211; Valoriser<\/h4><\/div><div class=\"fusion-text fusion-text-2\" style=\"--awb-text-color:var(--awb-color7);\"><p style=\"text-align: center;\">Le collectif Wow vise \u00e0 mettre en lumi\u00e8re les professions de la m\u00e9diation culturelle ind\u00e9pendante sur le territoire francophone.<br \/>\nIl participe \u00e0 la visibilit\u00e9 de leurs actions de m\u00e9diation et \u00e0 leur rayonnement.<\/p>\n<\/div><div class=\"fusion-separator fusion-full-width-sep\" style=\"align-self: center;margin-left: auto;margin-right: auto;margin-top:20px;width:100%;\"><\/div><\/div><\/div><div class=\"fusion-layout-column fusion_builder_column fusion-builder-column-4 fusion_builder_column_1_2 1_2 fusion-flex-column\" style=\"--awb-bg-size:cover;--awb-width-large:50%;--awb-margin-top-large:0px;--awb-spacing-right-large:3.84%;--awb-margin-bottom-large:20px;--awb-spacing-left-large:3.84%;--awb-width-medium:50%;--awb-order-medium:0;--awb-spacing-right-medium:3.84%;--awb-spacing-left-medium:3.84%;--awb-width-small:100%;--awb-order-small:0;--awb-spacing-right-small:1.92%;--awb-spacing-left-small:1.92%;\"><div class=\"fusion-column-wrapper fusion-column-has-shadow fusion-flex-justify-content-flex-start fusion-content-layout-column\"><div class=\"fusion-image-element \" style=\"text-align:center;--awb-margin-bottom:10px;--awb-max-width:180px;--awb-caption-title-font-family:var(--h2_typography-font-family);--awb-caption-title-font-weight:var(--h2_typography-font-weight);--awb-caption-title-font-style:var(--h2_typography-font-style);--awb-caption-title-size:var(--h2_typography-font-size);--awb-caption-title-transform:var(--h2_typography-text-transform);--awb-caption-title-line-height:var(--h2_typography-line-height);--awb-caption-title-letter-spacing:var(--h2_typography-letter-spacing);\"><span class=\" fusion-imageframe imageframe-none imageframe-3 hover-type-none\"><img decoding=\"async\" width=\"600\" height=\"402\" title=\"forme4\" src=\"https:\/\/collectifwow.com\/wp-content\/uploads\/2026\/02\/forme4.png\" alt class=\"img-responsive wp-image-59\" srcset=\"https:\/\/collectifwow.com\/wp-content\/uploads\/2026\/02\/forme4-200x134.png 200w, https:\/\/collectifwow.com\/wp-content\/uploads\/2026\/02\/forme4-400x268.png 400w, https:\/\/collectifwow.com\/wp-content\/uploads\/2026\/02\/forme4.png 600w\" sizes=\"(max-width: 640px) 100vw, 600px\" \/><\/span><\/div><div class=\"fusion-title title fusion-title-4 fusion-sep-none fusion-title-center fusion-title-text fusion-title-size-four\" style=\"--awb-text-color:var(--awb-color7);\"><h4 class=\"fusion-title-heading title-heading-center\" style=\"margin:0;text-transform:uppercase;\">Entreprendre<\/h4><\/div><div class=\"fusion-text fusion-text-3\" style=\"--awb-text-color:var(--awb-color7);\"><p style=\"text-align: center;\">Auto-entreprise, CAE (coop\u00e9rative d\u2019activit\u00e9s et d\u2019emploi), association\u2026 Quel que soit leur statut, les membres du collectif Wow se f\u00e9d\u00e8rent pour affirmer leur identit\u00e9 professionnelle, valoriser leur expertise et promouvoir leurs comp\u00e9tences.<\/p>\n<\/div><div class=\"fusion-separator fusion-full-width-sep\" style=\"align-self: center;margin-left: auto;margin-right: auto;margin-top:20px;width:100%;\"><\/div><\/div><\/div><div class=\"fusion-layout-column fusion_builder_column fusion-builder-column-5 fusion_builder_column_1_2 1_2 fusion-flex-column\" style=\"--awb-bg-size:cover;--awb-width-large:50%;--awb-margin-top-large:0px;--awb-spacing-right-large:3.84%;--awb-margin-bottom-large:20px;--awb-spacing-left-large:3.84%;--awb-width-medium:50%;--awb-order-medium:0;--awb-spacing-right-medium:3.84%;--awb-spacing-left-medium:3.84%;--awb-width-small:100%;--awb-order-small:0;--awb-spacing-right-small:1.92%;--awb-spacing-left-small:1.92%;\"><div class=\"fusion-column-wrapper fusion-column-has-shadow fusion-flex-justify-content-flex-start fusion-content-layout-column\"><div class=\"fusion-image-element \" style=\"text-align:center;--awb-margin-bottom:10px;--awb-max-width:180px;--awb-caption-title-font-family:var(--h2_typography-font-family);--awb-caption-title-font-weight:var(--h2_typography-font-weight);--awb-caption-title-font-style:var(--h2_typography-font-style);--awb-caption-title-size:var(--h2_typography-font-size);--awb-caption-title-transform:var(--h2_typography-text-transform);--awb-caption-title-line-height:var(--h2_typography-line-height);--awb-caption-title-letter-spacing:var(--h2_typography-letter-spacing);\"><span class=\" fusion-imageframe imageframe-none imageframe-4 hover-type-none\"><img decoding=\"async\" width=\"600\" height=\"402\" title=\"forme6\" src=\"https:\/\/collectifwow.com\/wp-content\/uploads\/2026\/02\/forme6.png\" alt class=\"img-responsive wp-image-76\" srcset=\"https:\/\/collectifwow.com\/wp-content\/uploads\/2026\/02\/forme6-200x134.png 200w, https:\/\/collectifwow.com\/wp-content\/uploads\/2026\/02\/forme6-400x268.png 400w, https:\/\/collectifwow.com\/wp-content\/uploads\/2026\/02\/forme6.png 600w\" sizes=\"(max-width: 640px) 100vw, 600px\" \/><\/span><\/div><div class=\"fusion-title title fusion-title-5 fusion-sep-none fusion-title-center fusion-title-text fusion-title-size-four\" style=\"--awb-text-color:var(--awb-color7);\"><h4 class=\"fusion-title-heading title-heading-center\" style=\"margin:0;text-transform:uppercase;\">Cooperer<\/h4><\/div><div class=\"fusion-text fusion-text-4\" style=\"--awb-text-color:var(--awb-color7);\"><p style=\"text-align: center;\">Le collectif Wow offre un espace collaboratif pour permettre l\u2019entraide, la coop\u00e9ration, voire les actions conjointes. Nous organisons notamment des temps de rencontre ainsi que des ateliers th\u00e9matiques et des ateliers d\u2019analyse de pratique.<\/p>\n<\/div><div class=\"fusion-separator fusion-full-width-sep\" style=\"align-self: center;margin-left: auto;margin-right: auto;margin-top:20px;width:100%;\"><\/div><\/div><\/div><div class=\"fusion-layout-column fusion_builder_column fusion-builder-column-6 fusion_builder_column_1_2 1_2 fusion-flex-column\" style=\"--awb-bg-size:cover;--awb-width-large:50%;--awb-margin-top-large:0px;--awb-spacing-right-large:3.84%;--awb-margin-bottom-large:20px;--awb-spacing-left-large:3.84%;--awb-width-medium:50%;--awb-order-medium:0;--awb-spacing-right-medium:3.84%;--awb-spacing-left-medium:3.84%;--awb-width-small:100%;--awb-order-small:0;--awb-spacing-right-small:1.92%;--awb-spacing-left-small:1.92%;\"><div class=\"fusion-column-wrapper fusion-column-has-shadow fusion-flex-justify-content-flex-start fusion-content-layout-column\"><div class=\"fusion-image-element \" style=\"text-align:center;--awb-margin-bottom:10px;--awb-max-width:180px;--awb-caption-title-font-family:var(--h2_typography-font-family);--awb-caption-title-font-weight:var(--h2_typography-font-weight);--awb-caption-title-font-style:var(--h2_typography-font-style);--awb-caption-title-size:var(--h2_typography-font-size);--awb-caption-title-transform:var(--h2_typography-text-transform);--awb-caption-title-line-height:var(--h2_typography-line-height);--awb-caption-title-letter-spacing:var(--h2_typography-letter-spacing);\"><span class=\" fusion-imageframe imageframe-none imageframe-5 hover-type-none\"><img decoding=\"async\" width=\"600\" height=\"402\" title=\"forme3\" src=\"https:\/\/collectifwow.com\/wp-content\/uploads\/2026\/02\/forme3.png\" alt class=\"img-responsive wp-image-58\" srcset=\"https:\/\/collectifwow.com\/wp-content\/uploads\/2026\/02\/forme3-200x134.png 200w, https:\/\/collectifwow.com\/wp-content\/uploads\/2026\/02\/forme3-400x268.png 400w, https:\/\/collectifwow.com\/wp-content\/uploads\/2026\/02\/forme3.png 600w\" sizes=\"(max-width: 640px) 100vw, 600px\" \/><\/span><\/div><div class=\"fusion-title title fusion-title-6 fusion-sep-none fusion-title-center fusion-title-text fusion-title-size-four\" style=\"--awb-text-color:var(--awb-color7);\"><h4 class=\"fusion-title-heading title-heading-center\" style=\"margin:0;text-transform:uppercase;\">Explorer<\/h4><\/div><div class=\"fusion-text fusion-text-5\" style=\"--awb-text-color:var(--awb-color7);\"><p style=\"text-align: center;\">Inspirations, tendances, ressources, questionnements sur les pratiques : le collectif contribue \u00e0 la r\u00e9flexion sur les m\u00e9tiers de la m\u00e9diation culturelle, leurs missions et leurs \u00e9volutions.<\/p>\n<\/div><div class=\"fusion-separator fusion-full-width-sep\" style=\"align-self: center;margin-left: auto;margin-right: auto;margin-top:20px;width:100%;\"><\/div><\/div><\/div><\/div><\/div><div class=\"fusion-fullwidth fullwidth-box fusion-builder-row-3 fusion-flex-container has-pattern-background has-mask-background hundred-percent-fullwidth non-hundred-percent-height-scrolling\" style=\"--awb-border-radius-top-left:0px;--awb-border-radius-top-right:0px;--awb-border-radius-bottom-right:0px;--awb-border-radius-bottom-left:0px;--awb-padding-top:70px;--awb-margin-bottom:10px;--awb-flex-wrap:wrap;\" ><div class=\"fusion-builder-row fusion-row fusion-flex-align-items-center fusion-flex-content-wrap\" style=\"width:104% !important;max-width:104% !important;margin-left: calc(-4% \/ 2 );margin-right: calc(-4% \/ 2 );\"><div class=\"fusion-layout-column fusion_builder_column fusion-builder-column-7 fusion_builder_column_1_2 1_2 fusion-flex-column\" style=\"--awb-padding-left:8%;--awb-bg-size:cover;--awb-width-large:50%;--awb-margin-top-large:0px;--awb-spacing-right-large:3.84%;--awb-margin-bottom-large:20px;--awb-spacing-left-large:3.84%;--awb-width-medium:50%;--awb-order-medium:0;--awb-spacing-right-medium:3.84%;--awb-spacing-left-medium:3.84%;--awb-width-small:100%;--awb-order-small:0;--awb-spacing-right-small:1.92%;--awb-spacing-left-small:1.92%;\" data-scroll-devices=\"small-visibility,medium-visibility,large-visibility\"><div class=\"fusion-column-wrapper fusion-column-has-shadow fusion-flex-justify-content-flex-start fusion-content-layout-column\"><div class=\"fusion-title title fusion-title-7 fusion-sep-none fusion-title-center fusion-title-text fusion-title-size-two\" style=\"--awb-text-color:var(--awb-color2);--awb-margin-bottom:30px;\"><h2 class=\"fusion-title-heading title-heading-center\" style=\"margin:0;text-transform:uppercase;\"><strong>Les membres du collectif<\/strong><\/h2><\/div><div class=\"fusion-text fusion-text-6\"><p>Aujourd\u2019hui le collectif Wow compte environ ?? membres. A la t\u00eate du collectif, on retrouve un conseil d\u2019administration compos\u00e9 de : xxxxxxxxxxx<\/p>\n<p>Au sein du collectif, deux statuts sont envisageables.<br \/>\n<strong>\u2022 Les membres op\u00e9rationnels<\/strong> participent activement \u00e0 la vie du collectif : organisation d\u2019ateliers, gestion de la communication, missions de pilotage, etc. A ce titre, ils b\u00e9n\u00e9ficient d\u2019un tarif r\u00e9duit pour leur cotisation.<br \/>\n\u2022 Si vous ne souhaitez pas vous investir dans l\u2019animation du collectif, il est possible d\u2019adh\u00e9rer en tant que <strong>membre actif<\/strong> : vous b\u00e9n\u00e9ficiez de l\u2019ensemble des ressources et vous pouvez \u00e9galement participer aux temps de rencontre.<\/p>\n<\/div><div class=\"fusion-separator fusion-full-width-sep\" style=\"align-self: center;margin-left: auto;margin-right: auto;margin-top:20px;width:100%;\"><\/div><div class=\"fusion-builder-row fusion-builder-row-inner fusion-row fusion-flex-align-items-center fusion-flex-content-wrap\" style=\"width:104% !important;max-width:104% !important;margin-left: calc(-4% \/ 2 );margin-right: calc(-4% \/ 2 );\"><div class=\"fusion-layout-column fusion_builder_column_inner fusion-builder-nested-column-0 fusion_builder_column_inner_1_2 1_2 fusion-flex-column\" style=\"--awb-bg-size:cover;--awb-width-large:50%;--awb-margin-top-large:0px;--awb-spacing-right-large:3.84%;--awb-margin-bottom-large:20px;--awb-spacing-left-large:3.84%;--awb-width-medium:50%;--awb-order-medium:0;--awb-spacing-right-medium:3.84%;--awb-spacing-left-medium:3.84%;--awb-width-small:100%;--awb-order-small:0;--awb-spacing-right-small:1.92%;--awb-spacing-left-small:1.92%;\"><div class=\"fusion-column-wrapper fusion-column-has-shadow fusion-flex-justify-content-flex-start fusion-content-layout-column\"><div style=\"text-align:center;\"><a class=\"fusion-button button-flat fusion-button-default-size button-default fusion-button-default button-1 fusion-button-default-span fusion-button-default-type\" target=\"lightbox\" rel=\"iLightbox\"><i class=\"fa-eye fas awb-button__icon awb-button__icon--default button-icon-left\" aria-hidden=\"true\"><\/i><span class=\"fusion-button-text awb-button__text awb-button__text--default\">Reglement int\u00e9rieur<\/span><\/a><\/div><\/div><\/div><div class=\"fusion-layout-column fusion_builder_column_inner fusion-builder-nested-column-1 fusion_builder_column_inner_1_2 1_2 fusion-flex-column\" style=\"--awb-bg-size:cover;--awb-width-large:50%;--awb-margin-top-large:0px;--awb-spacing-right-large:3.84%;--awb-margin-bottom-large:20px;--awb-spacing-left-large:3.84%;--awb-width-medium:50%;--awb-order-medium:0;--awb-spacing-right-medium:3.84%;--awb-spacing-left-medium:3.84%;--awb-width-small:100%;--awb-order-small:0;--awb-spacing-right-small:1.92%;--awb-spacing-left-small:1.92%;\"><div class=\"fusion-column-wrapper fusion-column-has-shadow fusion-flex-justify-content-flex-start fusion-content-layout-column\"><div style=\"text-align:center;\"><a class=\"fusion-button button-flat fusion-button-default-size button-default fusion-button-default button-2 fusion-button-default-span fusion-button-default-type\" target=\"lightbox\" rel=\"iLightbox\" href=\"https:\/\/collectifwow.com\/wp-content\/uploads\/2026\/02\/charte-collectif-wow.pdf\"><i class=\"fa-eye fas awb-button__icon awb-button__icon--default button-icon-left\" aria-hidden=\"true\"><\/i><span class=\"fusion-button-text awb-button__text awb-button__text--default\">Charte du collectif<\/span><\/a><\/div><\/div><\/div><\/div><\/div><\/div><div class=\"fusion-layout-column fusion_builder_column fusion-builder-column-8 fusion_builder_column_1_2 1_2 fusion-flex-column\" style=\"--awb-bg-size:cover;--awb-width-large:50%;--awb-margin-top-large:0px;--awb-spacing-right-large:3.84%;--awb-margin-bottom-large:20px;--awb-spacing-left-large:3.84%;--awb-width-medium:50%;--awb-order-medium:0;--awb-spacing-right-medium:3.84%;--awb-spacing-left-medium:3.84%;--awb-width-small:100%;--awb-order-small:0;--awb-spacing-right-small:1.92%;--awb-spacing-left-small:1.92%;\" data-scroll-devices=\"small-visibility,medium-visibility,large-visibility\"><div class=\"fusion-column-wrapper fusion-column-has-shadow fusion-flex-justify-content-flex-start fusion-content-layout-column\"><div class=\"fusion-image-element awb-imageframe-style awb-imageframe-style-below awb-imageframe-style-6\" style=\"--awb-caption-title-font-family:var(--body_typography-font-family);--awb-caption-title-font-weight:var(--body_typography-font-weight);--awb-caption-title-font-style:var(--body_typography-font-style);--awb-caption-title-size:11px;--awb-caption-title-transform:var(--body_typography-text-transform);--awb-caption-title-line-height:var(--body_typography-line-height);--awb-caption-title-letter-spacing:var(--body_typography-letter-spacing);\"><span class=\" fusion-imageframe imageframe-none imageframe-6 hover-type-none\"><img decoding=\"async\" width=\"1004\" height=\"988\" alt=\"collectif wow\" title=\"collectif wow\" src=\"https:\/\/collectifwow.com\/wp-content\/uploads\/2026\/02\/collectif-wow.png\" class=\"img-responsive wp-image-81\" srcset=\"https:\/\/collectifwow.com\/wp-content\/uploads\/2026\/02\/collectif-wow-200x197.png 200w, https:\/\/collectifwow.com\/wp-content\/uploads\/2026\/02\/collectif-wow-400x394.png 400w, https:\/\/collectifwow.com\/wp-content\/uploads\/2026\/02\/collectif-wow-600x590.png 600w, https:\/\/collectifwow.com\/wp-content\/uploads\/2026\/02\/collectif-wow-800x787.png 800w, https:\/\/collectifwow.com\/wp-content\/uploads\/2026\/02\/collectif-wow.png 1004w\" sizes=\"(max-width: 640px) 100vw, 600px\" \/><\/span><div class=\"awb-imageframe-caption-container\" style=\"text-align:right;\"><div class=\"awb-imageframe-caption\"><div class=\"awb-imageframe-caption-title\">\u00a9 Jannice Guilloux<\/div><\/div><\/div><\/div><\/div><\/div><\/div><\/div><\/p>\n","protected":false},"excerpt":{"rendered":"","protected":false},"author":1,"featured_media":0,"parent":0,"menu_order":0,"comment_status":"closed","ping_status":"closed","template":"100-width.php","meta":{"footnotes":""},"class_list":["post-16","page","type-page","status-publish","hentry"],"_links":{"self":[{"href":"https:\/\/collectifwow.com\/index.php\/wp-json\/wp\/v2\/pages\/16","targetHints":{"allow":["GET"]}}],"collection":[{"href":"https:\/\/collectifwow.com\/index.php\/wp-json\/wp\/v2\/pages"}],"about":[{"href":"https:\/\/collectifwow.com\/index.php\/wp-json\/wp\/v2\/types\/page"}],"author":[{"embeddable":true,"href":"https:\/\/collectifwow.com\/index.php\/wp-json\/wp\/v2\/users\/1"}],"replies":[{"embeddable":true,"href":"https:\/\/collectifwow.com\/index.php\/wp-json\/wp\/v2\/comments?post=16"}],"version-history":[{"count":6,"href":"https:\/\/collectifwow.com\/index.php\/wp-json\/wp\/v2\/pages\/16\/revisions"}],"predecessor-version":[{"id":84,"href":"https:\/\/collectifwow.com\/index.php\/wp-json\/wp\/v2\/pages\/16\/revisions\/84"}],"wp:attachment":[{"href":"https:\/\/collectifwow.com\/index.php\/wp-json\/wp\/v2\/media?parent=16"}],"curies":[{"name":"wp","href":"https:\/\/api.w.org\/{rel}","templated":true}]}}