{"id":20,"date":"2026-02-09T11:21:34","date_gmt":"2026-02-09T11:21:34","guid":{"rendered":"https:\/\/collectifwow.com\/?page_id=20"},"modified":"2026-02-10T18:21:24","modified_gmt":"2026-02-10T18:21:24","slug":"les-rdv","status":"publish","type":"page","link":"https:\/\/collectifwow.com\/index.php\/les-rdv\/","title":{"rendered":"Les RDV"},"content":{"rendered":"<p><div class=\"fusion-fullwidth fullwidth-box fusion-builder-row-1 fusion-flex-container has-pattern-background has-mask-background hundred-percent-fullwidth non-hundred-percent-height-scrolling\" style=\"--awb-border-radius-top-left:0px;--awb-border-radius-top-right:0px;--awb-border-radius-bottom-right:0px;--awb-border-radius-bottom-left:0px;--awb-margin-top:40px;--awb-margin-bottom:50px;--awb-flex-wrap:wrap;\" ><div class=\"fusion-builder-row fusion-row fusion-flex-align-items-center fusion-flex-content-wrap\" style=\"width:104% !important;max-width:104% !important;margin-left: calc(-4% \/ 2 );margin-right: calc(-4% \/ 2 );\"><div class=\"fusion-layout-column fusion_builder_column fusion-builder-column-0 fusion_builder_column_1_2 1_2 fusion-flex-column\" style=\"--awb-padding-left:8%;--awb-bg-size:cover;--awb-width-large:50%;--awb-margin-top-large:0px;--awb-spacing-right-large:3.84%;--awb-margin-bottom-large:20px;--awb-spacing-left-large:3.84%;--awb-width-medium:50%;--awb-order-medium:0;--awb-spacing-right-medium:3.84%;--awb-spacing-left-medium:3.84%;--awb-width-small:100%;--awb-order-small:0;--awb-spacing-right-small:1.92%;--awb-spacing-left-small:1.92%;\" data-scroll-devices=\"small-visibility,medium-visibility,large-visibility\"><div class=\"fusion-column-wrapper fusion-column-has-shadow fusion-flex-justify-content-flex-start fusion-content-layout-column\"><div class=\"fusion-title title fusion-title-1 fusion-sep-none fusion-title-center fusion-title-text fusion-title-size-two\" style=\"--awb-text-color:var(--awb-color2);--awb-margin-bottom:30px;\"><h2 class=\"fusion-title-heading title-heading-center\" style=\"margin:0;text-transform:uppercase;\"><strong>Les ateliers thematiques<\/strong><\/h2><\/div><div class=\"fusion-text fusion-text-1\"><p>Quand on exerce en tant que professionnel.le ind\u00e9pendant.e de la m\u00e9diation, on se retrouve souvent confront\u00e9.e.s aux m\u00eames probl\u00e9matiques : quel statut choisir pour son activit\u00e9 ? Comment \u00e9tablir sa grille tarifaire ? Comment communiquer sur son activit\u00e9 et rendre son offre visible ?<br \/>\nPour s\u2019entraider et se soutenir, le collectif WOW organise r\u00e9guli\u00e8rement des ateliers th\u00e9matiques en visio. Ces temps d\u2019\u00e9changes permettent aux adh\u00e9rent.e.s de se retrouver, de discuter de leurs probl\u00e9matiques et de partager leurs conseils et solutions.<\/p>\n<p>Au premier semestre 2025-2026, nous proposons un cycle \u201cPosture d\u2019entrepreneur.e\u201d :<br \/>\n\u2022 <strong>Octobre 2025 :<\/strong> \u201cOrganisation et pilotage : trouver son rythme\u201d<br \/>\n\u2022 <strong>Novembre 2025 :<\/strong> \u201cProjeter son activit\u00e9 dans le temps : comment g\u00e9rer les coups durs ?\u201d<br \/>\n\u2022 <strong>Janvier 2026 :<\/strong> \u201cPlanifier son ann\u00e9e\u201d<\/p>\n<\/div><\/div><\/div><div class=\"fusion-layout-column fusion_builder_column fusion-builder-column-1 fusion_builder_column_1_2 1_2 fusion-flex-column\" style=\"--awb-bg-size:cover;--awb-width-large:50%;--awb-margin-top-large:0px;--awb-spacing-right-large:3.84%;--awb-margin-bottom-large:20px;--awb-spacing-left-large:3.84%;--awb-width-medium:50%;--awb-order-medium:0;--awb-spacing-right-medium:3.84%;--awb-spacing-left-medium:3.84%;--awb-width-small:100%;--awb-order-small:0;--awb-spacing-right-small:1.92%;--awb-spacing-left-small:1.92%;\" data-scroll-devices=\"small-visibility,medium-visibility,large-visibility\"><div class=\"fusion-column-wrapper fusion-column-has-shadow fusion-flex-justify-content-flex-start fusion-content-layout-column\"><div class=\"fusion-image-element \" style=\"--awb-caption-title-font-family:var(--body_typography-font-family);--awb-caption-title-font-weight:var(--body_typography-font-weight);--awb-caption-title-font-style:var(--body_typography-font-style);--awb-caption-title-size:11px;--awb-caption-title-transform:var(--body_typography-text-transform);--awb-caption-title-line-height:var(--body_typography-line-height);--awb-caption-title-letter-spacing:var(--body_typography-letter-spacing);\"><span class=\" fusion-imageframe imageframe-none imageframe-1 hover-type-none\"><img decoding=\"async\" width=\"1054\" height=\"844\" alt=\"ateliers collectif\" title=\"ateliers collectif\" src=\"https:\/\/collectifwow.com\/wp-content\/uploads\/2026\/02\/ateliers.png\" class=\"img-responsive wp-image-82\" srcset=\"https:\/\/collectifwow.com\/wp-content\/uploads\/2026\/02\/ateliers-200x160.png 200w, https:\/\/collectifwow.com\/wp-content\/uploads\/2026\/02\/ateliers-400x320.png 400w, https:\/\/collectifwow.com\/wp-content\/uploads\/2026\/02\/ateliers-600x480.png 600w, https:\/\/collectifwow.com\/wp-content\/uploads\/2026\/02\/ateliers-800x641.png 800w, https:\/\/collectifwow.com\/wp-content\/uploads\/2026\/02\/ateliers.png 1054w\" sizes=\"(max-width: 640px) 100vw, 600px\" \/><\/span><\/div><\/div><\/div><\/div><\/div><div class=\"fusion-fullwidth fullwidth-box fusion-builder-row-2 fusion-flex-container has-pattern-background has-mask-background hundred-percent-fullwidth non-hundred-percent-height-scrolling\" style=\"--awb-border-radius-top-left:0px;--awb-border-radius-top-right:0px;--awb-border-radius-bottom-right:0px;--awb-border-radius-bottom-left:0px;--awb-margin-bottom:50px;--awb-flex-wrap:wrap;\" ><div class=\"fusion-builder-row fusion-row fusion-flex-align-items-center fusion-flex-content-wrap\" style=\"width:104% !important;max-width:104% !important;margin-left: calc(-4% \/ 2 );margin-right: calc(-4% \/ 2 );\"><div class=\"fusion-layout-column fusion_builder_column fusion-builder-column-2 fusion_builder_column_1_2 1_2 fusion-flex-column\" style=\"--awb-bg-size:cover;--awb-width-large:50%;--awb-margin-top-large:0px;--awb-spacing-right-large:3.84%;--awb-margin-bottom-large:20px;--awb-spacing-left-large:3.84%;--awb-width-medium:50%;--awb-order-medium:0;--awb-spacing-right-medium:3.84%;--awb-spacing-left-medium:3.84%;--awb-width-small:100%;--awb-order-small:0;--awb-spacing-right-small:1.92%;--awb-spacing-left-small:1.92%;\" data-scroll-devices=\"small-visibility,medium-visibility,large-visibility\"><div class=\"fusion-column-wrapper fusion-column-has-shadow fusion-flex-justify-content-flex-start fusion-content-layout-column\"><div class=\"fusion-image-element \" style=\"--awb-caption-title-font-family:var(--body_typography-font-family);--awb-caption-title-font-weight:var(--body_typography-font-weight);--awb-caption-title-font-style:var(--body_typography-font-style);--awb-caption-title-size:11px;--awb-caption-title-transform:var(--body_typography-text-transform);--awb-caption-title-line-height:var(--body_typography-line-height);--awb-caption-title-letter-spacing:var(--body_typography-letter-spacing);\"><span class=\" fusion-imageframe imageframe-none imageframe-2 hover-type-none\"><img decoding=\"async\" width=\"887\" height=\"863\" alt=\"m\u00e9diation culturelle\" title=\"m\u00e9diation culturelle\" src=\"https:\/\/collectifwow.com\/wp-content\/uploads\/2026\/02\/mediation.png\" class=\"img-responsive wp-image-72\" srcset=\"https:\/\/collectifwow.com\/wp-content\/uploads\/2026\/02\/mediation-200x195.png 200w, https:\/\/collectifwow.com\/wp-content\/uploads\/2026\/02\/mediation-400x389.png 400w, https:\/\/collectifwow.com\/wp-content\/uploads\/2026\/02\/mediation-600x584.png 600w, https:\/\/collectifwow.com\/wp-content\/uploads\/2026\/02\/mediation-800x778.png 800w, https:\/\/collectifwow.com\/wp-content\/uploads\/2026\/02\/mediation.png 887w\" sizes=\"(max-width: 640px) 100vw, 600px\" \/><\/span><\/div><\/div><\/div><div class=\"fusion-layout-column fusion_builder_column fusion-builder-column-3 fusion_builder_column_1_2 1_2 fusion-flex-column\" style=\"--awb-padding-left:8%;--awb-bg-size:cover;--awb-width-large:50%;--awb-margin-top-large:0px;--awb-spacing-right-large:3.84%;--awb-margin-bottom-large:20px;--awb-spacing-left-large:3.84%;--awb-width-medium:50%;--awb-order-medium:0;--awb-spacing-right-medium:3.84%;--awb-spacing-left-medium:3.84%;--awb-width-small:100%;--awb-order-small:0;--awb-spacing-right-small:1.92%;--awb-spacing-left-small:1.92%;\" data-scroll-devices=\"small-visibility,medium-visibility,large-visibility\"><div class=\"fusion-column-wrapper fusion-column-has-shadow fusion-flex-justify-content-flex-start fusion-content-layout-column\"><div class=\"fusion-title title fusion-title-2 fusion-sep-none fusion-title-center fusion-title-text fusion-title-size-two\" style=\"--awb-text-color:var(--awb-color2);--awb-margin-bottom:30px;\"><h2 class=\"fusion-title-heading title-heading-center\" style=\"margin:0;text-transform:uppercase;\"><p><strong>Les ateliers d\u2019analyse<br \/>\nde pratiques<\/strong><\/p><\/h2><\/div><div class=\"fusion-text fusion-text-2\"><p>En tant que professionnel.le ind\u00e9pendant.e de la m\u00e9diation, nous sommes r\u00e9guli\u00e8rement en lien avec les autres et pourtant seul.e aussi dans notre pratique.<\/p>\n<p>Le collectif Wow souhaite proposer des temps d\u2019\u00e9change autour d\u2019\u00e9tudes de cas pour faire un pas de c\u00f4t\u00e9 et se questionner sur sa posture, son discours, ses difficult\u00e9s.<\/p>\n<p>L\u2019objectif : r\u00e9fl\u00e9chir \u00e0 nos pratiques pour les enrichir et ainsi inventer d\u2019autres chemins !<\/p>\n<\/div><\/div><\/div><\/div><\/div><div class=\"fusion-fullwidth fullwidth-box fusion-builder-row-3 fusion-flex-container has-pattern-background has-mask-background hundred-percent-fullwidth non-hundred-percent-height-scrolling\" style=\"--awb-border-radius-top-left:0px;--awb-border-radius-top-right:0px;--awb-border-radius-bottom-right:0px;--awb-border-radius-bottom-left:0px;--awb-margin-bottom:50px;--awb-flex-wrap:wrap;\" ><div class=\"fusion-builder-row fusion-row fusion-flex-align-items-center fusion-flex-content-wrap\" style=\"width:104% !important;max-width:104% !important;margin-left: calc(-4% \/ 2 );margin-right: calc(-4% \/ 2 );\"><div class=\"fusion-layout-column fusion_builder_column fusion-builder-column-4 fusion_builder_column_1_2 1_2 fusion-flex-column\" style=\"--awb-padding-left:8%;--awb-bg-size:cover;--awb-width-large:50%;--awb-margin-top-large:0px;--awb-spacing-right-large:3.84%;--awb-margin-bottom-large:20px;--awb-spacing-left-large:3.84%;--awb-width-medium:50%;--awb-order-medium:0;--awb-spacing-right-medium:3.84%;--awb-spacing-left-medium:3.84%;--awb-width-small:100%;--awb-order-small:0;--awb-spacing-right-small:1.92%;--awb-spacing-left-small:1.92%;\" data-scroll-devices=\"small-visibility,medium-visibility,large-visibility\"><div class=\"fusion-column-wrapper fusion-column-has-shadow fusion-flex-justify-content-flex-start fusion-content-layout-column\"><div class=\"fusion-title title fusion-title-3 fusion-sep-none fusion-title-center fusion-title-text fusion-title-size-two\" style=\"--awb-text-color:var(--awb-color2);--awb-margin-bottom:30px;\"><h2 class=\"fusion-title-heading title-heading-center\" style=\"margin:0;text-transform:uppercase;\"><strong>LES RENCONTRES<\/strong><\/h2><\/div><div class=\"fusion-text fusion-text-3\"><p>Se rencontrer et \u00e9changer par visio c\u2019est bien, le faire en vrai c\u2019est mieux ! M\u00eame si les membres de Wow sont r\u00e9parti.e.s aux quatre coins de la francophonie, nous essayons de nous retrouver pour des temps collectifs et conviviaux.<\/p>\n<ul>\n<li><strong>En novembre 2022,<\/strong> la premi\u00e8re Journ\u00e9e Wow a regroup\u00e9 12 m\u00e9diatrices \u00e0 Paris pour \u00e9changer, travailler, discuter, rire, visiter, d\u00e9couvrir\u2026 Une journ\u00e9e enrichissante, stimulante et inspirante !<\/li>\n<li><strong>En mars 2023<\/strong>, nous avons organis\u00e9 une journ\u00e9e d\u00e9di\u00e9e \u00e0 la petite enfance \u00e0 Nantes. Au programme : une matin\u00e9e d&rsquo;intelligence collective pour mettre en dialogue nos pratiques et exp\u00e9riences de m\u00e9diation aupr\u00e8s des tout-petits, puis une exploration plastique propos\u00e9e par l\u2019une de nos membres.<\/li>\n<li><strong>En mars 2025,<\/strong> plusieurs des membres du collectif ont int\u00e9gr\u00e9 l\u2019\u00e9quipe organisatrice du Festival de la m\u00e9diation culturelle \u00e0 Lyon. C\u2019\u00e9tait l\u2019occasion de se retrouver pendant deux jours de rencontres, d\u2019ateliers et de mise en r\u00e9seau.<\/li>\n<li><strong>Prochaine date en 2026 !<\/strong><\/li>\n<\/ul>\n<\/div><\/div><\/div><div class=\"fusion-layout-column fusion_builder_column fusion-builder-column-5 fusion_builder_column_1_2 1_2 fusion-flex-column\" style=\"--awb-bg-size:cover;--awb-width-large:50%;--awb-margin-top-large:0px;--awb-spacing-right-large:3.84%;--awb-margin-bottom-large:20px;--awb-spacing-left-large:3.84%;--awb-width-medium:50%;--awb-order-medium:0;--awb-spacing-right-medium:3.84%;--awb-spacing-left-medium:3.84%;--awb-width-small:100%;--awb-order-small:0;--awb-spacing-right-small:1.92%;--awb-spacing-left-small:1.92%;\" data-scroll-devices=\"small-visibility,medium-visibility,large-visibility\"><div class=\"fusion-column-wrapper fusion-column-has-shadow fusion-flex-justify-content-flex-start fusion-content-layout-column\"><div class=\"fusion-image-element \" style=\"--awb-caption-title-font-family:var(--body_typography-font-family);--awb-caption-title-font-weight:var(--body_typography-font-weight);--awb-caption-title-font-style:var(--body_typography-font-style);--awb-caption-title-size:11px;--awb-caption-title-transform:var(--body_typography-text-transform);--awb-caption-title-line-height:var(--body_typography-line-height);--awb-caption-title-letter-spacing:var(--body_typography-letter-spacing);\"><span class=\" fusion-imageframe imageframe-none imageframe-3 hover-type-none\"><img decoding=\"async\" width=\"1004\" height=\"988\" alt=\"collectif wow\" title=\"collectif wow\" src=\"https:\/\/collectifwow.com\/wp-content\/uploads\/2026\/02\/collectif-wow.png\" class=\"img-responsive wp-image-81\" srcset=\"https:\/\/collectifwow.com\/wp-content\/uploads\/2026\/02\/collectif-wow-200x197.png 200w, https:\/\/collectifwow.com\/wp-content\/uploads\/2026\/02\/collectif-wow-400x394.png 400w, https:\/\/collectifwow.com\/wp-content\/uploads\/2026\/02\/collectif-wow-600x590.png 600w, https:\/\/collectifwow.com\/wp-content\/uploads\/2026\/02\/collectif-wow-800x787.png 800w, https:\/\/collectifwow.com\/wp-content\/uploads\/2026\/02\/collectif-wow.png 1004w\" sizes=\"(max-width: 640px) 100vw, 600px\" \/><\/span><\/div><\/div><\/div><\/div><\/div><\/p>\n","protected":false},"excerpt":{"rendered":"","protected":false},"author":1,"featured_media":0,"parent":0,"menu_order":0,"comment_status":"closed","ping_status":"closed","template":"100-width.php","meta":{"footnotes":""},"class_list":["post-20","page","type-page","status-publish","hentry"],"_links":{"self":[{"href":"https:\/\/collectifwow.com\/index.php\/wp-json\/wp\/v2\/pages\/20","targetHints":{"allow":["GET"]}}],"collection":[{"href":"https:\/\/collectifwow.com\/index.php\/wp-json\/wp\/v2\/pages"}],"about":[{"href":"https:\/\/collectifwow.com\/index.php\/wp-json\/wp\/v2\/types\/page"}],"author":[{"embeddable":true,"href":"https:\/\/collectifwow.com\/index.php\/wp-json\/wp\/v2\/users\/1"}],"replies":[{"embeddable":true,"href":"https:\/\/collectifwow.com\/index.php\/wp-json\/wp\/v2\/comments?post=20"}],"version-history":[{"count":4,"href":"https:\/\/collectifwow.com\/index.php\/wp-json\/wp\/v2\/pages\/20\/revisions"}],"predecessor-version":[{"id":83,"href":"https:\/\/collectifwow.com\/index.php\/wp-json\/wp\/v2\/pages\/20\/revisions\/83"}],"wp:attachment":[{"href":"https:\/\/collectifwow.com\/index.php\/wp-json\/wp\/v2\/media?parent=20"}],"curies":[{"name":"wp","href":"https:\/\/api.w.org\/{rel}","templated":true}]}}